{"id":2232,"date":"2023-04-18T14:49:25","date_gmt":"2023-04-18T12:49:25","guid":{"rendered":"https:\/\/staging.maashoevegastenverblijf.nl\/erklaerung-zum-datenschutz\/"},"modified":"2025-12-17T15:57:15","modified_gmt":"2025-12-17T14:57:15","slug":"erklaerung-zum-datenschutz","status":"publish","type":"page","link":"https:\/\/maashoevegastenverblijf.nl\/de\/erklaerung-zum-datenschutz\/","title":{"rendered":"Erkl\u00e4rung zum Datenschutz"},"content":{"rendered":"\n<div class=\"wp-block-stackable-spacer stk-block-spacer stk--no-padding stk-block stk-6bfee2c stk-block-background\" data-block-id=\"6bfee2c\"><style>.stk-6bfee2c{height:50px !important}<\/style><\/div>\n\n<p>Maashoeve Gastenverblijf, mit Sitz in Ridderbuurt 5, 52402 NH Alphen aan den Rijn, ist verantwortlich f\u00fcr die Verarbeitung personenbezogener Daten, wie in dieser Datenschutzerkl\u00e4rung beschrieben.<\/p>\n\n<div class=\"wp-block-stackable-heading stk-block-heading stk-block-heading--v2 stk-block stk-00e2b6f\" id=\"contactgegevens\" data-block-id=\"00e2b6f\"><h2 class=\"stk-block-heading__text\">Kontaktinformationen:<\/h2><\/div>\n\n<p><a href=\"https:\/\/maashoevegastenverblijf.nl\/de\/\">https:\/\/maashoevegastenverblijf.nl<\/a><br\/>Ridderbuurt 55<br\/>2402 NH Alphen aan den Rijn<br\/>+31 6 24683752<\/p>\n\n<p>Corina Oortwijn ist die Datenschutzbeauftragte von Maashoeve Guesthouse. Sie kann unter <a href=\"mailto:maashoevegastenverblijf@gmail.com\">maashoevegastenverblijf@gmail.com<\/a> erreicht werden.<\/p>\n\n<div class=\"wp-block-stackable-heading stk-block-heading stk-block-heading--v2 stk-block stk-a8ce597\" id=\"persoonsgegevens-die-wij-verwerken\" data-block-id=\"a8ce597\"><h2 class=\"stk-block-heading__text\">Von uns verarbeitete personenbezogene Daten<\/h2><\/div>\n\n<p>Maashoeve Gastenverblijf verarbeitet Ihre personenbezogenen Daten, weil Sie unsere Dienstleistungen in Anspruch nehmen und\/oder weil Sie uns diese Daten selbst zur Verf\u00fcgung stellen.<\/p>\n\n<div class=\"wp-block-stackable-heading stk-block-heading stk-block-heading--v2 stk-block stk-2e88be4\" id=\"hieronder-vind-je-een-overzicht-van-de-persoonsgegevens-die-wij-verwerken\" data-block-id=\"2e88be4\"><h3 class=\"stk-block-heading__text\">Nachstehend finden Sie einen \u00dcberblick \u00fcber die von uns verarbeiteten personenbezogenen Daten:<\/h3><\/div>\n\n<ul class=\"wp-block-list\">\n<li>Vorname und Nachname<\/li>\n\n\n\n<li>Angaben zur Adresse<\/li>\n\n\n\n<li>Rufnummer<\/li>\n\n\n\n<li>E-Mail Adresse<\/li>\n<\/ul>\n\n<div class=\"wp-block-stackable-heading stk-block-heading stk-block-heading--v2 stk-block stk-e86d44e\" id=\"bijzondere-en-of-gevoelige-persoonsgegevens-die-wij-verwerken\" data-block-id=\"e86d44e\"><h2 class=\"stk-block-heading__text\">Besondere und\/oder sensible personenbezogene Daten, die wir verarbeiten<\/h2><\/div>\n\n<p>Unsere Website und\/oder unser Dienst beabsichtigt nicht, Daten von Website-Besuchern zu sammeln, die unter 16 Jahre alt sind. Es sei denn, sie haben die Erlaubnis ihrer Eltern oder Erziehungsberechtigten. Wir k\u00f6nnen jedoch nicht \u00fcberpr\u00fcfen, ob ein Besucher \u00fcber 16 Jahre alt ist. Wir raten daher den Eltern, sich an den Online-Aktivit\u00e4ten ihrer Kinder zu beteiligen, um zu vermeiden, dass Daten \u00fcber Kinder ohne die Zustimmung der Eltern gesammelt werden. Wenn Sie davon \u00fcberzeugt sind, dass wir personenbezogene Daten \u00fcber einen Minderj\u00e4hrigen ohne eine solche Zustimmung gesammelt haben, wenden Sie sich bitte an maashoevegastenverblijf@gmail.com, und wir werden diese Informationen l\u00f6schen.<\/p>\n\n<div class=\"wp-block-stackable-heading stk-block-heading stk-block-heading--v2 stk-block stk-2300c1f\" id=\"met-welk-doel-en-op-basis-van-welke-grondslag-wij-persoonsgegevens-verwerken\" data-block-id=\"2300c1f\"><h2 class=\"stk-block-heading__text\">Zu welchem Zweck und auf welcher Grundlage wir personenbezogene Daten verarbeiten<\/h2><\/div>\n\n<p>Maashoeve Gastenverblijf verarbeitet Ihre personenbezogenen Daten f\u00fcr die folgenden Zwecke:<\/p>\n\n<ul class=\"wp-block-list\">\n<li>Abwicklung Ihrer Zahlung<\/li>\n\n\n\n<li>Sie anzurufen oder per E-Mail zu kontaktieren, wenn dies zur Erbringung unserer Dienstleistungen erforderlich ist<\/li>\n\n\n\n<li>Information \u00fcber \u00c4nderungen an unseren Dienstleistungen und Produkten<\/li>\n<\/ul>\n\n<div class=\"wp-block-stackable-heading stk-block-heading stk-block-heading--v2 stk-block stk-8fe9b9d\" id=\"geautomatiseerde-besluitvorming\" data-block-id=\"8fe9b9d\"><h2 class=\"stk-block-heading__text\">Automatisierte Entscheidungsfindung<\/h2><\/div>\n\n<p>Maashoeve Guesthouse trifft keine Entscheidungen auf der Grundlage einer automatisierten Verarbeitung \u00fcber Angelegenheiten, die den Einzelnen (erheblich) beeintr\u00e4chtigen k\u00f6nnten. Dabei handelt es sich um Entscheidungen, die von Computerprogrammen oder -systemen getroffen werden, ohne dass ein Mensch (z.B. ein Mitarbeiter von Maashoeve Guesthouse) daran beteiligt ist.<\/p>\n\n<div class=\"wp-block-stackable-heading stk-block-heading stk-block-heading--v2 stk-block stk-0c3e2e1\" id=\"hoe-lang-we-persoonsgegevens-bewaren\" data-block-id=\"0c3e2e1\"><h2 class=\"stk-block-heading__text\">Wie lange wir personenbezogene Daten aufbewahren<\/h2><\/div>\n\n<p>Maashoeve Gastenverblijf speichert Ihre personenbezogenen Daten nicht l\u00e4nger als unbedingt erforderlich, um die Zwecke zu erf\u00fcllen, f\u00fcr die Ihre Daten erhoben wurden. F\u00fcr die folgenden (Kategorien) personenbezogener Daten gilt eine Aufbewahrungsfrist von bis zu 7 Jahren:<\/p>\n\n<ul class=\"wp-block-list\">\n<li>Vorname und Nachname<\/li>\n\n\n\n<li>Angaben zur Adresse<\/li>\n\n\n\n<li>Rufnummer<\/li>\n\n\n\n<li>E-Mail Adresse<\/li>\n<\/ul>\n\n<div class=\"wp-block-stackable-heading stk-block-heading stk-block-heading--v2 stk-block stk-bb10447\" id=\"delen-van-persoonsgegevens-met-derden\" data-block-id=\"bb10447\"><h2 class=\"stk-block-heading__text\">Weitergabe personenbezogener Daten an Dritte<\/h2><\/div>\n\n<p>Maashoeve Gastenverblijf gibt die Daten nur dann an Dritte weiter, wenn dies f\u00fcr die Erf\u00fcllung des Vertrags mit Ihnen oder zur Erf\u00fcllung einer gesetzlichen Verpflichtung erforderlich ist.<\/p>\n\n<div class=\"wp-block-stackable-heading stk-block-heading stk-block-heading--v2 stk-block stk-245cd6f\" id=\"cookies-of-vergelijkbare-technieken-die-wij-gebruiken\" data-block-id=\"245cd6f\"><h2 class=\"stk-block-heading__text\">Cookies oder \u00e4hnliche Techniken, die wir verwenden<\/h2><\/div>\n\n<p>Maashoeve Guesthouse verwendet funktionale und analytische Cookies. Ein Cookie ist eine kleine Textdatei, die im Browser Ihres Computers, Tablets oder Smartphones gespeichert wird, wenn Sie diese Website zum ersten Mal besuchen. Maashoeve Guesthouse verwendet Cookies mit rein technischer Funktionalit\u00e4t. Diese sorgen daf\u00fcr, dass die Website ordnungsgem\u00e4\u00df funktioniert und dass beispielsweise Ihre Einstellungen gespeichert werden. Diese Cookies werden auch verwendet, um das Funktionieren der Website zu gew\u00e4hrleisten und sie zu optimieren.<\/p>\n\n<p>Bei Ihrem ersten Besuch auf unserer Website haben wir Sie bereits \u00fcber diese Cookies informiert und um Ihr Einverst\u00e4ndnis gebeten, sie zu setzen.<\/p>\n\n<p>Sie k\u00f6nnen die Verwendung von Cookies ablehnen, indem Sie Ihren Internetbrowser so einstellen, dass keine Cookies mehr gespeichert werden. Dar\u00fcber hinaus k\u00f6nnen Sie \u00fcber die Einstellungen Ihres Browsers alle zuvor gespeicherten Informationen l\u00f6schen.<\/p>\n\n<p>F\u00fcr eine Erkl\u00e4rung siehe: <a href=\"https:\/\/veiliginternetten.nl\/wat-zijn-cookies\/\" target=\"_blank\" rel=\"noreferrer noopener\">https:\/\/veiliginternetten.nl\/wat-zijn-cookies\/<\/a><\/p>\n\n<div class=\"wp-block-stackable-heading stk-block-heading stk-block-heading--v2 stk-block stk-7fc20d2\" id=\"gegevens-inzien-aanpassen-of-verwijderen\" data-block-id=\"7fc20d2\"><h2 class=\"stk-block-heading__text\">Daten ansehen, \u00e4ndern oder l\u00f6schen<\/h2><\/div>\n\n<p>Sie haben das Recht auf Zugang, Berichtigung oder L\u00f6schung Ihrer personenbezogenen Daten. Dar\u00fcber hinaus haben Sie das Recht, Ihre eventuelle Zustimmung zur Datenverarbeitung zu widerrufen oder der Verarbeitung Ihrer personenbezogenen Daten durch Maashoeve Guesthouse zu widersprechen, und Sie haben das Recht auf Daten\u00fcbertragbarkeit. Das bedeutet, dass Sie uns auffordern k\u00f6nnen, die personenbezogenen Daten, die wir \u00fcber Sie in einer Computerdatei gespeichert haben, an Sie oder eine andere von Ihnen benannte Organisation zu \u00fcbermitteln.<\/p>\n\n<p>Sie k\u00f6nnen einen Antrag auf Zugang, Berichtigung, L\u00f6schung oder \u00dcbertragung Ihrer personenbezogenen Daten oder auf Widerruf Ihrer Einwilligung oder Widerspruch gegen die Verarbeitung Ihrer personenbezogenen Daten an maashoevegastenverblijf@gmail.com richten.<\/p>\n\n<p>Um sicherzustellen, dass der Antrag auf Zugang von Ihnen gestellt wird, bitten wir Sie, dem Antrag eine Kopie Ihres Ausweises beizuf\u00fcgen. Schw\u00e4rzen Sie auf dieser Kopie Ihr Passfoto, die MRZ (maschinenlesbare Zone, der Zahlenstreifen am unteren Rand des Passes), die Passnummer und die B\u00fcrgerservicenummer (BSN). Dies dient dem Schutz Ihrer Privatsph\u00e4re. Wir werden Ihre Anfrage so schnell wie m\u00f6glich, jedoch innerhalb von vier Wochen beantworten.<\/p>\n\n<p>Maashoeve Gastenverblijf m\u00f6chte Sie auch dar\u00fcber informieren, dass Sie die M\u00f6glichkeit haben, eine Beschwerde bei der nationalen Aufsichtsbeh\u00f6rde, der Beh\u00f6rde f\u00fcr personenbezogene Daten, einzureichen. Sie k\u00f6nnen dies \u00fcber den folgenden Link tun: <a href=\"https:\/\/autoriteitpersoonsgegevens.nl\/nl\/contact-met-de-autoriteit-persoonsgegevens\/tip-ons\" target=\"_blank\" rel=\"noreferrer noopener\">https:\/\/autoriteitpersoonsgegevens.nl\/nl\/contact-met-de-autoriteit-persoonsgegevens\/tip-ons<\/a><\/p>\n\n<div class=\"wp-block-stackable-heading stk-block-heading stk-block-heading--v2 stk-block stk-f2ae5e3\" id=\"hoe-wij-persoonsgegevens-beveiligen\" data-block-id=\"f2ae5e3\"><h2 class=\"stk-block-heading__text\">Wie wir personenbezogene Daten sch\u00fctzen<\/h2><\/div>\n\n<p>Maashoeve Gastenverblijf nimmt den Schutz Ihrer Daten ernst und ergreift geeignete Ma\u00dfnahmen, um Missbrauch, Verlust, unbefugtem Zugriff, unerw\u00fcnschter Offenlegung und unbefugter \u00c4nderung entgegenzuwirken. Wenn Sie das Gef\u00fchl haben, dass Ihre Daten immer noch nicht sicher sind oder es Anzeichen f\u00fcr einen Missbrauch gibt, kontaktieren Sie uns bitte unter <a href=\"mailto:maashoevegastenverblijf@gmail.com\">maashoevegastenverblijf@gmail.com.<\/a><\/p>\n\n<div class=\"wp-block-stackable-spacer stk-block-spacer stk--no-padding stk-block stk-1f22bc2\" data-block-id=\"1f22bc2\"><\/div>\n","protected":false},"excerpt":{"rendered":"<p>Maashoeve Gastenverblijf, mit Sitz in Ridderbuurt 5, 52402 NH Alphen aan den Rijn, ist verantwortlich f\u00fcr die Verarbeitung personenbezogener Daten, wie in dieser Datenschutzerkl\u00e4rung beschrieben. Kontaktinformationen: https:\/\/maashoevegastenverblijf.nlRidderbuurt 552402 NH Alphen aan den Rijn+31 6 24683752 Corina Oortwijn ist die Datenschutzbeauftragte von Maashoeve Guesthouse. Sie kann unter maashoevegastenverblijf@gmail.com erreicht werden. Von uns verarbeitete personenbezogene Daten Maashoeve [&hellip;]<\/p>\n","protected":false},"author":1,"featured_media":2281,"parent":0,"menu_order":0,"comment_status":"closed","ping_status":"closed","template":"","meta":{"_vp_format_video_url":"","_vp_image_focal_point":[],"footnotes":""},"class_list":["post-2232","page","type-page","status-publish","has-post-thumbnail","hentry"],"blocksy_meta":[],"featured_image_urls_v2":{"full":["https:\/\/maashoevegastenverblijf.nl\/wp-content\/uploads\/2023\/12\/LandschapRegenboog1JPG.jpg",1600,739,false],"thumbnail":["https:\/\/maashoevegastenverblijf.nl\/wp-content\/uploads\/2023\/12\/LandschapRegenboog1JPG-150x150.jpg",150,150,true],"medium":["https:\/\/maashoevegastenverblijf.nl\/wp-content\/uploads\/2023\/12\/LandschapRegenboog1JPG-300x139.jpg",300,139,true],"medium_large":["https:\/\/maashoevegastenverblijf.nl\/wp-content\/uploads\/2023\/12\/LandschapRegenboog1JPG-768x355.jpg",768,355,true],"large":["https:\/\/maashoevegastenverblijf.nl\/wp-content\/uploads\/2023\/12\/LandschapRegenboog1JPG-1024x473.jpg",1024,473,true],"1536x1536":["https:\/\/maashoevegastenverblijf.nl\/wp-content\/uploads\/2023\/12\/LandschapRegenboog1JPG-1536x709.jpg",1536,709,true],"2048x2048":["https:\/\/maashoevegastenverblijf.nl\/wp-content\/uploads\/2023\/12\/LandschapRegenboog1JPG.jpg",1600,739,false],"widget-thumbnail":["https:\/\/maashoevegastenverblijf.nl\/wp-content\/uploads\/2023\/12\/LandschapRegenboog1JPG-75x75.jpg",75,75,true],"vp_sm":["https:\/\/maashoevegastenverblijf.nl\/wp-content\/uploads\/2023\/12\/LandschapRegenboog1JPG-500x231.jpg",500,231,true],"vp_md":["https:\/\/maashoevegastenverblijf.nl\/wp-content\/uploads\/2023\/12\/LandschapRegenboog1JPG-800x370.jpg",800,370,true],"vp_lg":["https:\/\/maashoevegastenverblijf.nl\/wp-content\/uploads\/2023\/12\/LandschapRegenboog1JPG-1280x591.jpg",1280,591,true],"vp_xl":["https:\/\/maashoevegastenverblijf.nl\/wp-content\/uploads\/2023\/12\/LandschapRegenboog1JPG.jpg",1600,739,false],"vp_sm_popup":["https:\/\/maashoevegastenverblijf.nl\/wp-content\/uploads\/2023\/12\/LandschapRegenboog1JPG-500x231.jpg",500,231,true],"vp_md_popup":["https:\/\/maashoevegastenverblijf.nl\/wp-content\/uploads\/2023\/12\/LandschapRegenboog1JPG-800x370.jpg",800,370,true],"vp_xl_popup":["https:\/\/maashoevegastenverblijf.nl\/wp-content\/uploads\/2023\/12\/LandschapRegenboog1JPG.jpg",1600,739,false],"gform-image-choice-sm":["https:\/\/maashoevegastenverblijf.nl\/wp-content\/uploads\/2023\/12\/LandschapRegenboog1JPG.jpg",300,139,false],"gform-image-choice-md":["https:\/\/maashoevegastenverblijf.nl\/wp-content\/uploads\/2023\/12\/LandschapRegenboog1JPG.jpg",400,185,false],"gform-image-choice-lg":["https:\/\/maashoevegastenverblijf.nl\/wp-content\/uploads\/2023\/12\/LandschapRegenboog1JPG.jpg",600,277,false]},"post_excerpt_stackable_v2":"<p>Maashoeve Gastenverblijf, mit Sitz in Ridderbuurt 5, 52402 NH Alphen aan den Rijn, ist verantwortlich f\u00fcr die Verarbeitung personenbezogener Daten, wie in dieser Datenschutzerkl\u00e4rung beschrieben. Kontaktinformationen: https:\/\/maashoevegastenverblijf.nlRidderbuurt 552402 NH Alphen aan den Rijn+31 6 24683752 Corina Oortwijn ist die Datenschutzbeauftragte von Maashoeve Guesthouse. Sie kann unter maashoevegastenverblijf@gmail.com erreicht werden. Von uns verarbeitete personenbezogene Daten Maashoeve Gastenverblijf verarbeitet Ihre personenbezogenen Daten, weil Sie unsere Dienstleistungen in Anspruch nehmen und\/oder weil Sie uns diese Daten selbst zur Verf\u00fcgung stellen. Nachstehend finden Sie einen \u00dcberblick \u00fcber die von uns verarbeiteten personenbezogenen Daten: Vorname und Nachname Angaben zur Adresse Rufnummer E-Mail Adresse Besondere und\/oder&hellip;<\/p>\n","category_list_v2":"","author_info_v2":{"name":"Zin In Webdesign","url":"https:\/\/maashoevegastenverblijf.nl\/de\/author\/ziwpostmaster_zm0ecqup\/"},"comments_num_v2":"0 comments","yoast_head":"<!-- This site is optimized with the Yoast SEO plugin v27.4 - https:\/\/yoast.com\/product\/yoast-seo-wordpress\/ -->\n<title>Erkl\u00e4rung zum Datenschutz - Maashoeve Gastenverblijf<\/title>\n<meta name=\"robots\" content=\"index, follow, max-snippet:-1, max-image-preview:large, max-video-preview:-1\" \/>\n<link rel=\"canonical\" href=\"https:\/\/maashoevegastenverblijf.nl\/de\/erklaerung-zum-datenschutz\/\" \/>\n<meta property=\"og:locale\" content=\"de_DE\" \/>\n<meta property=\"og:type\" content=\"article\" \/>\n<meta property=\"og:title\" content=\"Erkl\u00e4rung zum Datenschutz - Maashoeve Gastenverblijf\" \/>\n<meta property=\"og:description\" content=\"Maashoeve Gastenverblijf, mit Sitz in Ridderbuurt 5, 52402 NH Alphen aan den Rijn, ist verantwortlich f\u00fcr die Verarbeitung personenbezogener Daten, wie in dieser Datenschutzerkl\u00e4rung beschrieben. Kontaktinformationen: https:\/\/maashoevegastenverblijf.nlRidderbuurt 552402 NH Alphen aan den Rijn+31 6 24683752 Corina Oortwijn ist die Datenschutzbeauftragte von Maashoeve Guesthouse. Sie kann unter maashoevegastenverblijf@gmail.com erreicht werden. Von uns verarbeitete personenbezogene Daten Maashoeve [&hellip;]\" \/>\n<meta property=\"og:url\" content=\"https:\/\/maashoevegastenverblijf.nl\/de\/erklaerung-zum-datenschutz\/\" \/>\n<meta property=\"og:site_name\" content=\"Maashoeve Gastenverblijf\" \/>\n<meta property=\"article:modified_time\" content=\"2025-12-17T14:57:15+00:00\" \/>\n<meta property=\"og:image\" content=\"https:\/\/maashoevegastenverblijf.nl\/wp-content\/uploads\/2023\/12\/LandschapRegenboog1JPG.jpg\" \/>\n\t<meta property=\"og:image:width\" content=\"1600\" \/>\n\t<meta property=\"og:image:height\" content=\"739\" \/>\n\t<meta property=\"og:image:type\" content=\"image\/jpeg\" \/>\n<meta name=\"twitter:card\" content=\"summary_large_image\" \/>\n<meta name=\"twitter:label1\" content=\"Gesch\u00e4tzte Lesezeit\" \/>\n\t<meta name=\"twitter:data1\" content=\"4\u00a0Minuten\" \/>\n<script type=\"application\/ld+json\" class=\"yoast-schema-graph\">{\"@context\":\"https:\\\/\\\/schema.org\",\"@graph\":[{\"@type\":\"WebPage\",\"@id\":\"https:\\\/\\\/maashoevegastenverblijf.nl\\\/de\\\/erklaerung-zum-datenschutz\\\/\",\"url\":\"https:\\\/\\\/maashoevegastenverblijf.nl\\\/de\\\/erklaerung-zum-datenschutz\\\/\",\"name\":\"Erkl\u00e4rung zum Datenschutz - Maashoeve Gastenverblijf\",\"isPartOf\":{\"@id\":\"https:\\\/\\\/maashoevegastenverblijf.nl\\\/de\\\/#website\"},\"primaryImageOfPage\":{\"@id\":\"https:\\\/\\\/maashoevegastenverblijf.nl\\\/de\\\/erklaerung-zum-datenschutz\\\/#primaryimage\"},\"image\":{\"@id\":\"https:\\\/\\\/maashoevegastenverblijf.nl\\\/de\\\/erklaerung-zum-datenschutz\\\/#primaryimage\"},\"thumbnailUrl\":\"https:\\\/\\\/maashoevegastenverblijf.nl\\\/wp-content\\\/uploads\\\/2023\\\/12\\\/LandschapRegenboog1JPG.jpg\",\"datePublished\":\"2023-04-18T12:49:25+00:00\",\"dateModified\":\"2025-12-17T14:57:15+00:00\",\"breadcrumb\":{\"@id\":\"https:\\\/\\\/maashoevegastenverblijf.nl\\\/de\\\/erklaerung-zum-datenschutz\\\/#breadcrumb\"},\"inLanguage\":\"de\",\"potentialAction\":[{\"@type\":\"ReadAction\",\"target\":[\"https:\\\/\\\/maashoevegastenverblijf.nl\\\/de\\\/erklaerung-zum-datenschutz\\\/\"]}]},{\"@type\":\"ImageObject\",\"inLanguage\":\"de\",\"@id\":\"https:\\\/\\\/maashoevegastenverblijf.nl\\\/de\\\/erklaerung-zum-datenschutz\\\/#primaryimage\",\"url\":\"https:\\\/\\\/maashoevegastenverblijf.nl\\\/wp-content\\\/uploads\\\/2023\\\/12\\\/LandschapRegenboog1JPG.jpg\",\"contentUrl\":\"https:\\\/\\\/maashoevegastenverblijf.nl\\\/wp-content\\\/uploads\\\/2023\\\/12\\\/LandschapRegenboog1JPG.jpg\",\"width\":1600,\"height\":739},{\"@type\":\"BreadcrumbList\",\"@id\":\"https:\\\/\\\/maashoevegastenverblijf.nl\\\/de\\\/erklaerung-zum-datenschutz\\\/#breadcrumb\",\"itemListElement\":[{\"@type\":\"ListItem\",\"position\":1,\"name\":\"Home\",\"item\":\"https:\\\/\\\/maashoevegastenverblijf.nl\\\/de\\\/\"},{\"@type\":\"ListItem\",\"position\":2,\"name\":\"Erkl\u00e4rung zum Datenschutz\"}]},{\"@type\":\"WebSite\",\"@id\":\"https:\\\/\\\/maashoevegastenverblijf.nl\\\/de\\\/#website\",\"url\":\"https:\\\/\\\/maashoevegastenverblijf.nl\\\/de\\\/\",\"name\":\"Maashoeve Gastenverblijf\",\"description\":\"Genieten van gezelligheid, rust en comfort\",\"publisher\":{\"@id\":\"https:\\\/\\\/maashoevegastenverblijf.nl\\\/de\\\/#organization\"},\"potentialAction\":[{\"@type\":\"SearchAction\",\"target\":{\"@type\":\"EntryPoint\",\"urlTemplate\":\"https:\\\/\\\/maashoevegastenverblijf.nl\\\/de\\\/?s={search_term_string}\"},\"query-input\":{\"@type\":\"PropertyValueSpecification\",\"valueRequired\":true,\"valueName\":\"search_term_string\"}}],\"inLanguage\":\"de\"},{\"@type\":\"Organization\",\"@id\":\"https:\\\/\\\/maashoevegastenverblijf.nl\\\/de\\\/#organization\",\"name\":\"Maashoeve Gastenverblijf\",\"url\":\"https:\\\/\\\/maashoevegastenverblijf.nl\\\/de\\\/\",\"logo\":{\"@type\":\"ImageObject\",\"inLanguage\":\"de\",\"@id\":\"https:\\\/\\\/maashoevegastenverblijf.nl\\\/de\\\/#\\\/schema\\\/logo\\\/image\\\/\",\"url\":\"https:\\\/\\\/maashoevegastenverblijf.nl\\\/wp-content\\\/uploads\\\/2023\\\/05\\\/MAASHOEVE-Logo-cirkel-zonder-gv-8x.png\",\"contentUrl\":\"https:\\\/\\\/maashoevegastenverblijf.nl\\\/wp-content\\\/uploads\\\/2023\\\/05\\\/MAASHOEVE-Logo-cirkel-zonder-gv-8x.png\",\"width\":2268,\"height\":2268,\"caption\":\"Maashoeve Gastenverblijf\"},\"image\":{\"@id\":\"https:\\\/\\\/maashoevegastenverblijf.nl\\\/de\\\/#\\\/schema\\\/logo\\\/image\\\/\"},\"sameAs\":[\"https:\\\/\\\/www.instagram.com\\\/maashoeve_gastenverblijf\\\/\"]}]}<\/script>\n<!-- \/ Yoast SEO plugin. -->","yoast_head_json":{"title":"Erkl\u00e4rung zum Datenschutz - Maashoeve Gastenverblijf","robots":{"index":"index","follow":"follow","max-snippet":"max-snippet:-1","max-image-preview":"max-image-preview:large","max-video-preview":"max-video-preview:-1"},"canonical":"https:\/\/maashoevegastenverblijf.nl\/de\/erklaerung-zum-datenschutz\/","og_locale":"de_DE","og_type":"article","og_title":"Erkl\u00e4rung zum Datenschutz - Maashoeve Gastenverblijf","og_description":"Maashoeve Gastenverblijf, mit Sitz in Ridderbuurt 5, 52402 NH Alphen aan den Rijn, ist verantwortlich f\u00fcr die Verarbeitung personenbezogener Daten, wie in dieser Datenschutzerkl\u00e4rung beschrieben. Kontaktinformationen: https:\/\/maashoevegastenverblijf.nlRidderbuurt 552402 NH Alphen aan den Rijn+31 6 24683752 Corina Oortwijn ist die Datenschutzbeauftragte von Maashoeve Guesthouse. Sie kann unter maashoevegastenverblijf@gmail.com erreicht werden. Von uns verarbeitete personenbezogene Daten Maashoeve [&hellip;]","og_url":"https:\/\/maashoevegastenverblijf.nl\/de\/erklaerung-zum-datenschutz\/","og_site_name":"Maashoeve Gastenverblijf","article_modified_time":"2025-12-17T14:57:15+00:00","og_image":[{"width":1600,"height":739,"url":"https:\/\/maashoevegastenverblijf.nl\/wp-content\/uploads\/2023\/12\/LandschapRegenboog1JPG.jpg","type":"image\/jpeg"}],"twitter_card":"summary_large_image","twitter_misc":{"Gesch\u00e4tzte Lesezeit":"4\u00a0Minuten"},"schema":{"@context":"https:\/\/schema.org","@graph":[{"@type":"WebPage","@id":"https:\/\/maashoevegastenverblijf.nl\/de\/erklaerung-zum-datenschutz\/","url":"https:\/\/maashoevegastenverblijf.nl\/de\/erklaerung-zum-datenschutz\/","name":"Erkl\u00e4rung zum Datenschutz - Maashoeve Gastenverblijf","isPartOf":{"@id":"https:\/\/maashoevegastenverblijf.nl\/de\/#website"},"primaryImageOfPage":{"@id":"https:\/\/maashoevegastenverblijf.nl\/de\/erklaerung-zum-datenschutz\/#primaryimage"},"image":{"@id":"https:\/\/maashoevegastenverblijf.nl\/de\/erklaerung-zum-datenschutz\/#primaryimage"},"thumbnailUrl":"https:\/\/maashoevegastenverblijf.nl\/wp-content\/uploads\/2023\/12\/LandschapRegenboog1JPG.jpg","datePublished":"2023-04-18T12:49:25+00:00","dateModified":"2025-12-17T14:57:15+00:00","breadcrumb":{"@id":"https:\/\/maashoevegastenverblijf.nl\/de\/erklaerung-zum-datenschutz\/#breadcrumb"},"inLanguage":"de","potentialAction":[{"@type":"ReadAction","target":["https:\/\/maashoevegastenverblijf.nl\/de\/erklaerung-zum-datenschutz\/"]}]},{"@type":"ImageObject","inLanguage":"de","@id":"https:\/\/maashoevegastenverblijf.nl\/de\/erklaerung-zum-datenschutz\/#primaryimage","url":"https:\/\/maashoevegastenverblijf.nl\/wp-content\/uploads\/2023\/12\/LandschapRegenboog1JPG.jpg","contentUrl":"https:\/\/maashoevegastenverblijf.nl\/wp-content\/uploads\/2023\/12\/LandschapRegenboog1JPG.jpg","width":1600,"height":739},{"@type":"BreadcrumbList","@id":"https:\/\/maashoevegastenverblijf.nl\/de\/erklaerung-zum-datenschutz\/#breadcrumb","itemListElement":[{"@type":"ListItem","position":1,"name":"Home","item":"https:\/\/maashoevegastenverblijf.nl\/de\/"},{"@type":"ListItem","position":2,"name":"Erkl\u00e4rung zum Datenschutz"}]},{"@type":"WebSite","@id":"https:\/\/maashoevegastenverblijf.nl\/de\/#website","url":"https:\/\/maashoevegastenverblijf.nl\/de\/","name":"Maashoeve Gastenverblijf","description":"Genieten van gezelligheid, rust en comfort","publisher":{"@id":"https:\/\/maashoevegastenverblijf.nl\/de\/#organization"},"potentialAction":[{"@type":"SearchAction","target":{"@type":"EntryPoint","urlTemplate":"https:\/\/maashoevegastenverblijf.nl\/de\/?s={search_term_string}"},"query-input":{"@type":"PropertyValueSpecification","valueRequired":true,"valueName":"search_term_string"}}],"inLanguage":"de"},{"@type":"Organization","@id":"https:\/\/maashoevegastenverblijf.nl\/de\/#organization","name":"Maashoeve Gastenverblijf","url":"https:\/\/maashoevegastenverblijf.nl\/de\/","logo":{"@type":"ImageObject","inLanguage":"de","@id":"https:\/\/maashoevegastenverblijf.nl\/de\/#\/schema\/logo\/image\/","url":"https:\/\/maashoevegastenverblijf.nl\/wp-content\/uploads\/2023\/05\/MAASHOEVE-Logo-cirkel-zonder-gv-8x.png","contentUrl":"https:\/\/maashoevegastenverblijf.nl\/wp-content\/uploads\/2023\/05\/MAASHOEVE-Logo-cirkel-zonder-gv-8x.png","width":2268,"height":2268,"caption":"Maashoeve Gastenverblijf"},"image":{"@id":"https:\/\/maashoevegastenverblijf.nl\/de\/#\/schema\/logo\/image\/"},"sameAs":["https:\/\/www.instagram.com\/maashoeve_gastenverblijf\/"]}]}},"_links":{"self":[{"href":"https:\/\/maashoevegastenverblijf.nl\/de\/wp-json\/wp\/v2\/pages\/2232","targetHints":{"allow":["GET"]}}],"collection":[{"href":"https:\/\/maashoevegastenverblijf.nl\/de\/wp-json\/wp\/v2\/pages"}],"about":[{"href":"https:\/\/maashoevegastenverblijf.nl\/de\/wp-json\/wp\/v2\/types\/page"}],"author":[{"embeddable":true,"href":"https:\/\/maashoevegastenverblijf.nl\/de\/wp-json\/wp\/v2\/users\/1"}],"replies":[{"embeddable":true,"href":"https:\/\/maashoevegastenverblijf.nl\/de\/wp-json\/wp\/v2\/comments?post=2232"}],"version-history":[{"count":4,"href":"https:\/\/maashoevegastenverblijf.nl\/de\/wp-json\/wp\/v2\/pages\/2232\/revisions"}],"predecessor-version":[{"id":2980,"href":"https:\/\/maashoevegastenverblijf.nl\/de\/wp-json\/wp\/v2\/pages\/2232\/revisions\/2980"}],"wp:featuredmedia":[{"embeddable":true,"href":"https:\/\/maashoevegastenverblijf.nl\/de\/wp-json\/wp\/v2\/media\/2281"}],"wp:attachment":[{"href":"https:\/\/maashoevegastenverblijf.nl\/de\/wp-json\/wp\/v2\/media?parent=2232"}],"curies":[{"name":"wp","href":"https:\/\/api.w.org\/{rel}","templated":true}]}}