{"id":2228,"date":"2023-11-09T12:33:31","date_gmt":"2023-11-09T12:33:31","guid":{"rendered":"https:\/\/staging.maashoevegastenverblijf.nl\/stornierungsbedingungen-und-hausordnung\/"},"modified":"2023-11-09T12:36:27","modified_gmt":"2023-11-09T12:36:27","slug":"stornierungsbedingungen-und-hausordnung","status":"publish","type":"page","link":"https:\/\/maashoevegastenverblijf.nl\/de\/stornierungsbedingungen-und-hausordnung\/","title":{"rendered":"Stornierungsbedingungen und Hausordnung"},"content":{"rendered":"\n<div class=\"wp-block-stackable-spacer stk-block-spacer stk--no-padding stk-block stk-6bfee2c\" data-block-id=\"6bfee2c\"><\/div>\n\n<div class=\"wp-block-stackable-heading stk-block-heading stk-block-heading--v2 stk-block stk-844cc64\" id=\"annuleringsvoorwaarden\" data-block-id=\"844cc64\"><h2 class=\"stk-block-heading__text\">Annullierungspolitik<\/h2><\/div>\n\n<ul class=\"wp-block-list\">\n<li>Wenn Sie innerhalb von 24 Stunden nach der Buchung stornieren, haben Sie Anspruch auf eine vollst\u00e4ndige Erstattung des Buchungsbetrags.<\/li>\n\n\n\n<li>Bei Stornierung bis zum 42. Tag vor Beginn des Aufenthalts betr\u00e4gt die Stornogeb\u00fchr 30% des Reisepreises  <\/li>\n\n\n\n<li>Bei einer Stornierung zwischen dem 42. und 28. Tag vor Beginn des Aufenthalts betr\u00e4gt die Stornogeb\u00fchr 60 % des Reisepreises.<\/li>\n\n\n\n<li>Bei einer Stornierung ab dem 28. Tag bis zum ersten Tag des Aufenthalts betr\u00e4gt die Stornogeb\u00fchr 90% des Reisepreises.  <\/li>\n\n\n\n<li>Bei Stornierung am ersten Tag des Aufenthalts oder sp\u00e4ter betr\u00e4gt die Stornogeb\u00fchr 100% des Reisepreises.<\/li>\n\n\n\n<li>F\u00fcr die Stornierungsbedingungen gilt das urspr\u00fcngliche Ankunftsdatum.<\/li>\n<\/ul>\n\n<div class=\"wp-block-stackable-heading stk-block-heading stk-block-heading--v2 stk-block stk-874794c\" id=\"huisregels\" data-block-id=\"874794c\"><h2 class=\"stk-block-heading__text\">Hausordnung<\/h2><\/div>\n\n<ul class=\"wp-block-list\">\n<li>Check-in: zwischen 16:00 und 22:00 Uhr<\/li>\n\n\n\n<li>Check-out: bis sp\u00e4testens 10.30 Uhr.<\/li>\n\n\n\n<li>Mindestalter des Hauptbuchers: 25 Jahre<\/li>\n\n\n\n<li>Rauchen ist in der H\u00fctte nicht erlaubt<\/li>\n\n\n\n<li>Feuerwerksfreie H\u00fctte<\/li>\n\n\n\n<li>Partys und Veranstaltungen sind nicht erlaubt<\/li>\n\n\n\n<li>Diese H\u00fctte ist nicht geeignet f\u00fcr Gruppen von Jugendlichen, Studenten und Sportmannschaften<\/li>\n\n\n\n<li>Abfalltrennung ist Pflicht<\/li>\n<\/ul>\n\n<p><\/p>\n\n<div class=\"wp-block-stackable-spacer stk-block-spacer stk--no-padding stk-block stk-1f22bc2\" data-block-id=\"1f22bc2\"><\/div>\n","protected":false},"excerpt":{"rendered":"<p>Annullierungspolitik Hausordnung<\/p>\n","protected":false},"author":1,"featured_media":2053,"parent":0,"menu_order":0,"comment_status":"closed","ping_status":"closed","template":"","meta":{"_vp_format_video_url":"","_vp_image_focal_point":[],"footnotes":""},"class_list":["post-2228","page","type-page","status-publish","has-post-thumbnail","hentry"],"blocksy_meta":[],"featured_image_urls_v2":{"full":["https:\/\/maashoevegastenverblijf.nl\/wp-content\/uploads\/2023\/07\/zijaanzicht-landschap.jpg",1600,694,false],"thumbnail":["https:\/\/maashoevegastenverblijf.nl\/wp-content\/uploads\/2023\/07\/zijaanzicht-landschap-150x150.jpg",150,150,true],"medium":["https:\/\/maashoevegastenverblijf.nl\/wp-content\/uploads\/2023\/07\/zijaanzicht-landschap-300x130.jpg",300,130,true],"medium_large":["https:\/\/maashoevegastenverblijf.nl\/wp-content\/uploads\/2023\/07\/zijaanzicht-landschap-768x333.jpg",768,333,true],"large":["https:\/\/maashoevegastenverblijf.nl\/wp-content\/uploads\/2023\/07\/zijaanzicht-landschap-1024x444.jpg",1024,444,true],"1536x1536":["https:\/\/maashoevegastenverblijf.nl\/wp-content\/uploads\/2023\/07\/zijaanzicht-landschap-1536x666.jpg",1536,666,true],"2048x2048":["https:\/\/maashoevegastenverblijf.nl\/wp-content\/uploads\/2023\/07\/zijaanzicht-landschap.jpg",1600,694,false],"widget-thumbnail":["https:\/\/maashoevegastenverblijf.nl\/wp-content\/uploads\/2023\/07\/zijaanzicht-landschap-75x75.jpg",75,75,true],"vp_sm":["https:\/\/maashoevegastenverblijf.nl\/wp-content\/uploads\/2023\/07\/zijaanzicht-landschap.jpg",500,217,false],"vp_md":["https:\/\/maashoevegastenverblijf.nl\/wp-content\/uploads\/2023\/07\/zijaanzicht-landschap.jpg",800,347,false],"vp_lg":["https:\/\/maashoevegastenverblijf.nl\/wp-content\/uploads\/2023\/07\/zijaanzicht-landschap.jpg",1280,555,false],"vp_xl":["https:\/\/maashoevegastenverblijf.nl\/wp-content\/uploads\/2023\/07\/zijaanzicht-landschap.jpg",1600,694,false],"vp_sm_popup":["https:\/\/maashoevegastenverblijf.nl\/wp-content\/uploads\/2023\/07\/zijaanzicht-landschap.jpg",500,217,false],"vp_md_popup":["https:\/\/maashoevegastenverblijf.nl\/wp-content\/uploads\/2023\/07\/zijaanzicht-landschap.jpg",800,347,false],"vp_xl_popup":["https:\/\/maashoevegastenverblijf.nl\/wp-content\/uploads\/2023\/07\/zijaanzicht-landschap.jpg",1600,694,false],"gform-image-choice-sm":["https:\/\/maashoevegastenverblijf.nl\/wp-content\/uploads\/2023\/07\/zijaanzicht-landschap.jpg",300,130,false],"gform-image-choice-md":["https:\/\/maashoevegastenverblijf.nl\/wp-content\/uploads\/2023\/07\/zijaanzicht-landschap.jpg",400,174,false],"gform-image-choice-lg":["https:\/\/maashoevegastenverblijf.nl\/wp-content\/uploads\/2023\/07\/zijaanzicht-landschap.jpg",600,260,false]},"post_excerpt_stackable_v2":"<p>Annullierungspolitik Wenn Sie innerhalb von 24 Stunden nach der Buchung stornieren, haben Sie Anspruch auf eine vollst\u00e4ndige Erstattung des Buchungsbetrags. Bei Stornierung bis zum 42. Tag vor Beginn des Aufenthalts betr\u00e4gt die Stornogeb\u00fchr 30% des Reisepreises Bei einer Stornierung zwischen dem 42. und 28. Tag vor Beginn des Aufenthalts betr\u00e4gt die Stornogeb\u00fchr 60 % des Reisepreises. Bei einer Stornierung ab dem 28. Tag bis zum ersten Tag des Aufenthalts betr\u00e4gt die Stornogeb\u00fchr 90% des Reisepreises. Bei Stornierung am ersten Tag des Aufenthalts oder sp\u00e4ter betr\u00e4gt die Stornogeb\u00fchr 100% des Reisepreises. F\u00fcr die Stornierungsbedingungen gilt das urspr\u00fcngliche Ankunftsdatum. Hausordnung Check-in: zwischen&hellip;<\/p>\n","category_list_v2":"","author_info_v2":{"name":"Zin In Webdesign","url":"https:\/\/maashoevegastenverblijf.nl\/de\/author\/ziwpostmaster_zm0ecqup\/"},"comments_num_v2":"0 comments","yoast_head":"<!-- This site is optimized with the Yoast SEO plugin v27.4 - https:\/\/yoast.com\/product\/yoast-seo-wordpress\/ -->\n<title>Stornierungsbedingungen und Hausordnung - Maashoeve Gastenverblijf<\/title>\n<meta name=\"robots\" content=\"index, follow, max-snippet:-1, max-image-preview:large, max-video-preview:-1\" \/>\n<link rel=\"canonical\" href=\"https:\/\/maashoevegastenverblijf.nl\/de\/stornierungsbedingungen-und-hausordnung\/\" \/>\n<meta property=\"og:locale\" content=\"de_DE\" \/>\n<meta property=\"og:type\" content=\"article\" \/>\n<meta property=\"og:title\" content=\"Stornierungsbedingungen und Hausordnung - Maashoeve Gastenverblijf\" \/>\n<meta property=\"og:description\" content=\"Annullierungspolitik Hausordnung\" \/>\n<meta property=\"og:url\" content=\"https:\/\/maashoevegastenverblijf.nl\/de\/stornierungsbedingungen-und-hausordnung\/\" \/>\n<meta property=\"og:site_name\" content=\"Maashoeve Gastenverblijf\" \/>\n<meta property=\"article:modified_time\" content=\"2023-11-09T12:36:27+00:00\" \/>\n<meta property=\"og:image\" content=\"https:\/\/maashoevegastenverblijf.nl\/wp-content\/uploads\/2023\/07\/zijaanzicht-landschap.jpg\" \/>\n\t<meta property=\"og:image:width\" content=\"1600\" \/>\n\t<meta property=\"og:image:height\" content=\"694\" \/>\n\t<meta property=\"og:image:type\" content=\"image\/jpeg\" \/>\n<meta name=\"twitter:card\" content=\"summary_large_image\" \/>\n<meta name=\"twitter:label1\" content=\"Gesch\u00e4tzte Lesezeit\" \/>\n\t<meta name=\"twitter:data1\" content=\"1\u00a0Minute\" \/>\n<script type=\"application\/ld+json\" class=\"yoast-schema-graph\">{\"@context\":\"https:\\\/\\\/schema.org\",\"@graph\":[{\"@type\":\"WebPage\",\"@id\":\"https:\\\/\\\/maashoevegastenverblijf.nl\\\/de\\\/stornierungsbedingungen-und-hausordnung\\\/\",\"url\":\"https:\\\/\\\/maashoevegastenverblijf.nl\\\/de\\\/stornierungsbedingungen-und-hausordnung\\\/\",\"name\":\"Stornierungsbedingungen und Hausordnung - Maashoeve Gastenverblijf\",\"isPartOf\":{\"@id\":\"https:\\\/\\\/maashoevegastenverblijf.nl\\\/de\\\/#website\"},\"primaryImageOfPage\":{\"@id\":\"https:\\\/\\\/maashoevegastenverblijf.nl\\\/de\\\/stornierungsbedingungen-und-hausordnung\\\/#primaryimage\"},\"image\":{\"@id\":\"https:\\\/\\\/maashoevegastenverblijf.nl\\\/de\\\/stornierungsbedingungen-und-hausordnung\\\/#primaryimage\"},\"thumbnailUrl\":\"https:\\\/\\\/maashoevegastenverblijf.nl\\\/wp-content\\\/uploads\\\/2023\\\/07\\\/zijaanzicht-landschap.jpg\",\"datePublished\":\"2023-11-09T12:33:31+00:00\",\"dateModified\":\"2023-11-09T12:36:27+00:00\",\"breadcrumb\":{\"@id\":\"https:\\\/\\\/maashoevegastenverblijf.nl\\\/de\\\/stornierungsbedingungen-und-hausordnung\\\/#breadcrumb\"},\"inLanguage\":\"de\",\"potentialAction\":[{\"@type\":\"ReadAction\",\"target\":[\"https:\\\/\\\/maashoevegastenverblijf.nl\\\/de\\\/stornierungsbedingungen-und-hausordnung\\\/\"]}]},{\"@type\":\"ImageObject\",\"inLanguage\":\"de\",\"@id\":\"https:\\\/\\\/maashoevegastenverblijf.nl\\\/de\\\/stornierungsbedingungen-und-hausordnung\\\/#primaryimage\",\"url\":\"https:\\\/\\\/maashoevegastenverblijf.nl\\\/wp-content\\\/uploads\\\/2023\\\/07\\\/zijaanzicht-landschap.jpg\",\"contentUrl\":\"https:\\\/\\\/maashoevegastenverblijf.nl\\\/wp-content\\\/uploads\\\/2023\\\/07\\\/zijaanzicht-landschap.jpg\",\"width\":1600,\"height\":694},{\"@type\":\"BreadcrumbList\",\"@id\":\"https:\\\/\\\/maashoevegastenverblijf.nl\\\/de\\\/stornierungsbedingungen-und-hausordnung\\\/#breadcrumb\",\"itemListElement\":[{\"@type\":\"ListItem\",\"position\":1,\"name\":\"Home\",\"item\":\"https:\\\/\\\/maashoevegastenverblijf.nl\\\/de\\\/\"},{\"@type\":\"ListItem\",\"position\":2,\"name\":\"Stornierungsbedingungen und Hausordnung\"}]},{\"@type\":\"WebSite\",\"@id\":\"https:\\\/\\\/maashoevegastenverblijf.nl\\\/de\\\/#website\",\"url\":\"https:\\\/\\\/maashoevegastenverblijf.nl\\\/de\\\/\",\"name\":\"Maashoeve Gastenverblijf\",\"description\":\"Genieten van gezelligheid, rust en comfort\",\"publisher\":{\"@id\":\"https:\\\/\\\/maashoevegastenverblijf.nl\\\/de\\\/#organization\"},\"potentialAction\":[{\"@type\":\"SearchAction\",\"target\":{\"@type\":\"EntryPoint\",\"urlTemplate\":\"https:\\\/\\\/maashoevegastenverblijf.nl\\\/de\\\/?s={search_term_string}\"},\"query-input\":{\"@type\":\"PropertyValueSpecification\",\"valueRequired\":true,\"valueName\":\"search_term_string\"}}],\"inLanguage\":\"de\"},{\"@type\":\"Organization\",\"@id\":\"https:\\\/\\\/maashoevegastenverblijf.nl\\\/de\\\/#organization\",\"name\":\"Maashoeve Gastenverblijf\",\"url\":\"https:\\\/\\\/maashoevegastenverblijf.nl\\\/de\\\/\",\"logo\":{\"@type\":\"ImageObject\",\"inLanguage\":\"de\",\"@id\":\"https:\\\/\\\/maashoevegastenverblijf.nl\\\/de\\\/#\\\/schema\\\/logo\\\/image\\\/\",\"url\":\"https:\\\/\\\/maashoevegastenverblijf.nl\\\/wp-content\\\/uploads\\\/2023\\\/05\\\/MAASHOEVE-Logo-cirkel-zonder-gv-8x.png\",\"contentUrl\":\"https:\\\/\\\/maashoevegastenverblijf.nl\\\/wp-content\\\/uploads\\\/2023\\\/05\\\/MAASHOEVE-Logo-cirkel-zonder-gv-8x.png\",\"width\":2268,\"height\":2268,\"caption\":\"Maashoeve Gastenverblijf\"},\"image\":{\"@id\":\"https:\\\/\\\/maashoevegastenverblijf.nl\\\/de\\\/#\\\/schema\\\/logo\\\/image\\\/\"},\"sameAs\":[\"https:\\\/\\\/www.instagram.com\\\/maashoeve_gastenverblijf\\\/\"]}]}<\/script>\n<!-- \/ Yoast SEO plugin. -->","yoast_head_json":{"title":"Stornierungsbedingungen und Hausordnung - Maashoeve Gastenverblijf","robots":{"index":"index","follow":"follow","max-snippet":"max-snippet:-1","max-image-preview":"max-image-preview:large","max-video-preview":"max-video-preview:-1"},"canonical":"https:\/\/maashoevegastenverblijf.nl\/de\/stornierungsbedingungen-und-hausordnung\/","og_locale":"de_DE","og_type":"article","og_title":"Stornierungsbedingungen und Hausordnung - Maashoeve Gastenverblijf","og_description":"Annullierungspolitik Hausordnung","og_url":"https:\/\/maashoevegastenverblijf.nl\/de\/stornierungsbedingungen-und-hausordnung\/","og_site_name":"Maashoeve Gastenverblijf","article_modified_time":"2023-11-09T12:36:27+00:00","og_image":[{"width":1600,"height":694,"url":"https:\/\/maashoevegastenverblijf.nl\/wp-content\/uploads\/2023\/07\/zijaanzicht-landschap.jpg","type":"image\/jpeg"}],"twitter_card":"summary_large_image","twitter_misc":{"Gesch\u00e4tzte Lesezeit":"1\u00a0Minute"},"schema":{"@context":"https:\/\/schema.org","@graph":[{"@type":"WebPage","@id":"https:\/\/maashoevegastenverblijf.nl\/de\/stornierungsbedingungen-und-hausordnung\/","url":"https:\/\/maashoevegastenverblijf.nl\/de\/stornierungsbedingungen-und-hausordnung\/","name":"Stornierungsbedingungen und Hausordnung - Maashoeve Gastenverblijf","isPartOf":{"@id":"https:\/\/maashoevegastenverblijf.nl\/de\/#website"},"primaryImageOfPage":{"@id":"https:\/\/maashoevegastenverblijf.nl\/de\/stornierungsbedingungen-und-hausordnung\/#primaryimage"},"image":{"@id":"https:\/\/maashoevegastenverblijf.nl\/de\/stornierungsbedingungen-und-hausordnung\/#primaryimage"},"thumbnailUrl":"https:\/\/maashoevegastenverblijf.nl\/wp-content\/uploads\/2023\/07\/zijaanzicht-landschap.jpg","datePublished":"2023-11-09T12:33:31+00:00","dateModified":"2023-11-09T12:36:27+00:00","breadcrumb":{"@id":"https:\/\/maashoevegastenverblijf.nl\/de\/stornierungsbedingungen-und-hausordnung\/#breadcrumb"},"inLanguage":"de","potentialAction":[{"@type":"ReadAction","target":["https:\/\/maashoevegastenverblijf.nl\/de\/stornierungsbedingungen-und-hausordnung\/"]}]},{"@type":"ImageObject","inLanguage":"de","@id":"https:\/\/maashoevegastenverblijf.nl\/de\/stornierungsbedingungen-und-hausordnung\/#primaryimage","url":"https:\/\/maashoevegastenverblijf.nl\/wp-content\/uploads\/2023\/07\/zijaanzicht-landschap.jpg","contentUrl":"https:\/\/maashoevegastenverblijf.nl\/wp-content\/uploads\/2023\/07\/zijaanzicht-landschap.jpg","width":1600,"height":694},{"@type":"BreadcrumbList","@id":"https:\/\/maashoevegastenverblijf.nl\/de\/stornierungsbedingungen-und-hausordnung\/#breadcrumb","itemListElement":[{"@type":"ListItem","position":1,"name":"Home","item":"https:\/\/maashoevegastenverblijf.nl\/de\/"},{"@type":"ListItem","position":2,"name":"Stornierungsbedingungen und Hausordnung"}]},{"@type":"WebSite","@id":"https:\/\/maashoevegastenverblijf.nl\/de\/#website","url":"https:\/\/maashoevegastenverblijf.nl\/de\/","name":"Maashoeve Gastenverblijf","description":"Genieten van gezelligheid, rust en comfort","publisher":{"@id":"https:\/\/maashoevegastenverblijf.nl\/de\/#organization"},"potentialAction":[{"@type":"SearchAction","target":{"@type":"EntryPoint","urlTemplate":"https:\/\/maashoevegastenverblijf.nl\/de\/?s={search_term_string}"},"query-input":{"@type":"PropertyValueSpecification","valueRequired":true,"valueName":"search_term_string"}}],"inLanguage":"de"},{"@type":"Organization","@id":"https:\/\/maashoevegastenverblijf.nl\/de\/#organization","name":"Maashoeve Gastenverblijf","url":"https:\/\/maashoevegastenverblijf.nl\/de\/","logo":{"@type":"ImageObject","inLanguage":"de","@id":"https:\/\/maashoevegastenverblijf.nl\/de\/#\/schema\/logo\/image\/","url":"https:\/\/maashoevegastenverblijf.nl\/wp-content\/uploads\/2023\/05\/MAASHOEVE-Logo-cirkel-zonder-gv-8x.png","contentUrl":"https:\/\/maashoevegastenverblijf.nl\/wp-content\/uploads\/2023\/05\/MAASHOEVE-Logo-cirkel-zonder-gv-8x.png","width":2268,"height":2268,"caption":"Maashoeve Gastenverblijf"},"image":{"@id":"https:\/\/maashoevegastenverblijf.nl\/de\/#\/schema\/logo\/image\/"},"sameAs":["https:\/\/www.instagram.com\/maashoeve_gastenverblijf\/"]}]}},"_links":{"self":[{"href":"https:\/\/maashoevegastenverblijf.nl\/de\/wp-json\/wp\/v2\/pages\/2228","targetHints":{"allow":["GET"]}}],"collection":[{"href":"https:\/\/maashoevegastenverblijf.nl\/de\/wp-json\/wp\/v2\/pages"}],"about":[{"href":"https:\/\/maashoevegastenverblijf.nl\/de\/wp-json\/wp\/v2\/types\/page"}],"author":[{"embeddable":true,"href":"https:\/\/maashoevegastenverblijf.nl\/de\/wp-json\/wp\/v2\/users\/1"}],"replies":[{"embeddable":true,"href":"https:\/\/maashoevegastenverblijf.nl\/de\/wp-json\/wp\/v2\/comments?post=2228"}],"version-history":[{"count":1,"href":"https:\/\/maashoevegastenverblijf.nl\/de\/wp-json\/wp\/v2\/pages\/2228\/revisions"}],"predecessor-version":[{"id":2229,"href":"https:\/\/maashoevegastenverblijf.nl\/de\/wp-json\/wp\/v2\/pages\/2228\/revisions\/2229"}],"wp:featuredmedia":[{"embeddable":true,"href":"https:\/\/maashoevegastenverblijf.nl\/de\/wp-json\/wp\/v2\/media\/2053"}],"wp:attachment":[{"href":"https:\/\/maashoevegastenverblijf.nl\/de\/wp-json\/wp\/v2\/media?parent=2228"}],"curies":[{"name":"wp","href":"https:\/\/api.w.org\/{rel}","templated":true}]}}