{"id":2099,"date":"2023-07-27T12:26:09","date_gmt":"2023-07-27T12:26:09","guid":{"rendered":"https:\/\/staging.maashoevegastenverblijf.nl\/verfuegbarkeit-und-buchung\/"},"modified":"2023-12-22T18:44:35","modified_gmt":"2023-12-22T17:44:35","slug":"verfuegbarkeit-und-buchung","status":"publish","type":"page","link":"https:\/\/maashoevegastenverblijf.nl\/de\/verfuegbarkeit-und-buchung\/","title":{"rendered":"Verf\u00fcgbarkeit und Buchung"},"content":{"rendered":"\n<div class=\"wp-block-stackable-spacer stk-block-spacer stk--no-padding stk-block stk-96ad9e0\" data-block-id=\"96ad9e0\"><\/div>\n\n<div class=\"wp-block-stackable-text stk-block-text stk-block stk-f77056d\" data-block-id=\"f77056d\"><p class=\"stk-block-text__text has-text-align-center\">W\u00e4hlen Sie die gew\u00fcnschten und verf\u00fcgbaren Daten aus und f\u00fcllen Sie das Buchungsformular des jeweiligen G\u00e4stehauses aus.<\/p><\/div>\n\n<div class=\"wp-block-stackable-spacer stk-block-spacer stk--no-padding stk-block stk-2b5ffc1\" data-block-id=\"2b5ffc1\"><\/div>\n\n<div class=\"wp-block-stackable-columns stk-block-columns stk-block stk-a444c84\" data-block-id=\"a444c84\"><div class=\"stk-row stk-inner-blocks stk-block-content stk-content-align stk-a444c84-column\">\n<div class=\"wp-block-stackable-column stk-block-column stk-column stk-block stk-64bfaf2\" data-v=\"4\" data-block-id=\"64bfaf2\"><div class=\"stk-column-wrapper stk-block-column__content stk-container stk-64bfaf2-container stk--no-background stk--no-padding\"><div class=\"stk-block-content stk-inner-blocks stk-64bfaf2-inner-blocks\">\n<div class=\"wp-block-stackable-heading stk-block-heading stk-block-heading--v2 stk-block stk-e6c2494\" id=\"t-zomerhuis\" data-block-id=\"e6c2494\"><h2 class=\"stk-block-heading__text\">&#8218;t Zomerhuis<\/h2><\/div>\n\n\n\n<div class=\"wp-block-booking-booking\"> <div id=\"form_id781602576920\" class=\"wpbc_container wpbc_form wpbc_container_booking_form \" ><form id=\"booking_form1\" class=\"booking_form vertical\" method=\"post\" action=\"\"><div id=\"ajax_respond_insert1\" class=\"ajax_respond_insert\" style=\"display:none;\"><\/div><a name=\"bklnk1\" id=\"bklnk1\"><\/a><div id=\"booking_form_div1\" class=\"booking_form_div\"><div class=\"wpbc_calendar_wraper\"><div class=\"wpbc_cal_container bk_calendar_frame wpbc_no_custom_width  months_num_in_row_ cal_month_num_2\" style=\"\"><div id=\"calendar_booking1\"  class=\"wpbc_calendar_id_1\" >\t<div class=\"calendar_loader_frame calendar_loader_frame1\"\r\n\t\tdata-wpbc-rid=\"1\"\r\n\t\tdata-wpbc-grace=\"8000\"\r\n\t\tstyle=\"--wpbc-loader-cols: 2;\"\r\n\t>\r\n\t\t<div class=\"calendar_loader_text\">Wird geladen...<\/div>\r\n\t\t<div class=\"calendar_loader_frame__progress_line_container\">\r\n\t\t\t<div class=\"calendar_loader_frame__progress_line\"><\/div>\r\n\t\t<\/div>\r\n\t<\/div>\r\n\t<\/div><\/div><textarea id=\"date_booking1\" name=\"date_booking1\" autocomplete=\"off\" style=\"display:none;\"><\/textarea><div class=\"block_hints datepick \"><div class=\"wpdev_hint_with_text\"><div class=\"\"><div class=\"datepick-inline wpbc_calendar_legend_table_width_height\"><table class=\"datepick wpbc_calendar\" style=\"\"><tbody><tr><td class=\"datepick-days-cell date_available wpbc_calendar_legend_day_cell_height\"><div class=\"wpbc-cell-box\">\t<div class=\"date-cell-content\">\t\t<div class=\"date-content-top\"><\/div>\t\t<a>&nbsp;<\/a>\t\t<div class=\"date-content-bottom\"><\/div>\t<\/div><\/div><\/td><\/tr><\/tbody><\/table><\/div><\/div><div class=\"block_text\">- <\/div><div class=\"block_text\">Verf\u00fcgbar<\/div><\/div><div class=\"wpdev_hint_with_text\"><div class=\"\"><div class=\"datepick-inline wpbc_calendar_legend_table_width_height\"><table class=\"datepick wpbc_calendar\" style=\"\"><tbody><tr><td class=\"datepick-days-cell datepick-unselectable date_user_unavailable full_day_booking date_approved wpbc_calendar_legend_day_cell_height\"><div class=\"wpbc-cell-box\">\t<div class=\"date-cell-content\">\t\t<div class=\"date-content-top\"><\/div>\t\t<span>&nbsp;<\/span>\t\t<div class=\"date-content-bottom\"><\/div>\t<\/div><\/div><\/td><\/tr><\/tbody><\/table><\/div><\/div><div class=\"block_text\">- <\/div><div class=\"block_text\">Gebucht<\/div><\/div><div class=\"wpdev_hint_with_text\"><div class=\"\"><div class=\"datepick-inline wpbc_calendar_legend_table_width_height\"><table class=\"datepick wpbc_calendar\" style=\"\"><tbody><tr><td class=\"datepick-days-cell datepick-unselectable date_user_unavailable full_day_booking date2approve wpbc_calendar_legend_day_cell_height\"><div class=\"wpbc-cell-box\">\t<div class=\"date-cell-content\">\t\t<div class=\"date-content-top\"><\/div>\t\t<span>&nbsp;<\/span>\t\t<div class=\"date-content-bottom\"><\/div>\t<\/div><\/div><\/td><\/tr><\/tbody><\/table><\/div><\/div><div class=\"block_text\">- <\/div><div class=\"block_text\">In Behandlung<\/div><\/div><div class=\"wpdev_hint_with_text\"><div class=\"\"><span class=\"\"><div class=\"datepick-inline wpbc_calendar_legend_table_width_height\"><table class=\"datepick wpbc_calendar\" style=\"\"><tbody><tr><td class=\"datepick-days-cell date_available date_approved timespartly check_in_time check_in_time_date_approved wpbc_calendar_legend_day_cell_height\"><div class=\"wpbc-cell-box\">\t<div class=\"wpbc-diagonal-el\">\t\t<div class=\"wpbc-co-out\"><svg height=\"100%\" width=\"100%\" viewBox=\"0 0 100 100\" preserveAspectRatio=\"none\"><polygon points=\"0,0 0,99 99,0\"><\/polygon><polygon points=\"0,0 0,100 49,100 49,0\"><\/polygon><\/svg><\/div>\t\t<div class=\"wpbc-co-in\"><svg height=\"100%\" width=\"100%\" viewBox=\"0 0 98 98\" preserveAspectRatio=\"none\"><polygon points=\"0,99 99,99 99,0\"><\/polygon><polygon points=\"50,98 98,98 98,0 50,0\"><\/polygon><\/svg><\/div>\t<\/div>\t<div class=\"date-cell-content\">\t\t<div class=\"date-content-top\"><div class=\"wpbc_time_dots\">\u00b7<\/div><\/div>\t\t<a>&nbsp;<\/a>\t\t<div class=\"date-content-bottom\"><\/div>\t<\/div><\/div><\/td><\/tr><\/tbody><\/table><\/div><\/span><\/div><div class=\"block_text\">- <\/div><div class=\"block_text\">Ankunft\/Abflug<\/div><\/div><\/div><\/div> \r\n<div class=\"standard-form\"> \r\n     <p>Voornaam (verplicht):<br \/><span class=\"wpbc_wrap_text wpdev-form-control-wrap name1\"><input type=\"text\" name=\"name1\" value=\"\" autocomplete=\"name\" class=\"wpdev-validates-as-required\" size=\"40\" \/><\/span> <\/p> \r\n     <p>Achternaam (verplicht):<br \/><span class=\"wpbc_wrap_text wpdev-form-control-wrap secondname1\"><input type=\"text\" name=\"secondname1\" value=\"\" autocomplete=\"secondname\" class=\"wpdev-validates-as-required\" size=\"40\" \/><\/span> <\/p> \r\n     <p>Emailadres (verplicht):<br \/><span class=\"wpbc_wrap_text wpdev-form-control-wrap email1\"><input type=\"email\" name=\"email1\" value=\"\" autocomplete=\"email\" class=\"wpdev-validates-as-email wpdev-validates-as-required\" size=\"40\" \/><\/span> <\/p>   \r\n     <p>Telefoon:<br \/><span class=\"wpbc_wrap_text wpdev-form-control-wrap phone1\"><input type=\"text\" name=\"phone1\" value=\"\" autocomplete=\"phone\" size=\"40\" \/><\/span> <\/p> \r\n     <p>Volwassenen:<br \/><span class=\"wpbc_wrap_select wpdev-form-control-wrap visitors1\"><select onchange=\"javascript:if(typeof( wpbc_show_cost_hints_after_few_seconds )=='function'){wpbc_show_cost_hints_after_few_seconds(1);}\" name=\"visitors1\" autocomplete=\"visitors\"><option value=\"1\">1<\/option><option value=\"2\">2<\/option><option value=\"3\">3<\/option><option value=\"4\">4<\/option><option value=\"5\">5<\/option><option value=\"6\">6<\/option><\/select><\/span><\/p> \r\n     <p>Kinderen:<br \/><span class=\"wpbc_wrap_select wpdev-form-control-wrap children1\"><select onchange=\"javascript:if(typeof( wpbc_show_cost_hints_after_few_seconds )=='function'){wpbc_show_cost_hints_after_few_seconds(1);}\" name=\"children1\" autocomplete=\"children\"><option value=\"0\">0<\/option><option value=\"1\">1<\/option><option value=\"2\">2<\/option><option value=\"3\">3<\/option><\/select><\/span><\/p> \r\n     <p>Details:<br \/> <span class=\"wpbc_wrap_textarea wpdev-form-control-wrap details1\"><textarea name=\"details1\" autocomplete=\"details\"><\/textarea><\/span> <\/p> \r\n     <p><span class=\"wpbc_wrap_checkbox wpdev-form-control-wrap term_and_condition1\"><span autocomplete=\"term_and_condition\" class=\"wpdev-validates-as-required wpdev-checkbox\"><span class=\"wpdev-list-item\"><input  autocomplete=\"term_and_condition\" class=\"wpdev-validates-as-required wpdev-checkbox\" id=\"checkboxid177636949302790\"  onchange=\"javascript:if(typeof( wpbc_show_cost_hints_after_few_seconds )=='function'){wpbc_show_cost_hints_after_few_seconds(1);}\"  type=\"checkbox\"  name=\"term_and_condition1[]\"  value=\"Ik accepteer de algemene voorwaarden\" \/><label for=\"checkboxid177636949302790\"  class=\"wpdev-list-item-label\">Ik accepteer de algemene voorwaarden<\/label><\/span><\/span><\/span> <\/p>\r\n     <p><span class=\"wpbc_text_captcha_container wpdev-form-control-wrap \"><input  autocomplete=\"off\" type=\"hidden\" name=\"wpdev_captcha_challenge_1\"  id=\"wpdev_captcha_challenge_1\" value=\"292293099\" \/><input  autocomplete=\"off\" type=\"text\" class=\"captachinput\" value=\"\" name=\"captcha_input1\" id=\"captcha_input1\" \/><img decoding=\"async\" class=\"captcha_img\"  id=\"captcha_img1\" alt=\"To show CAPTCHA, please deactivate cache plugin or exclude this page from caching or disable CAPTCHA at WP Booking Calendar - Settings General page in Form Options section.\" src=\"https:\/\/maashoevegastenverblijf.nl\/wp-content\/plugins\/booking\/js\/captcha\/tmp\/292293099.png\" \/><\/span><\/p> \r\n     <p><input type=\"button\" value=\"Verzenden\" class=\"wpbc_button_light  btn btn\" onclick=\"wpbc_booking_form_submit(this.form,1, 'de_DE');\" \/><\/p> \r\n<\/div><input name=\"starttime1\" id=\"starttime1\" type=\"text\" value=\"16:00\" style=\"display:none;\"><input name=\"endtime1\" id=\"endtime1\" type=\"text\" value=\"10:30\" style=\"display:none;\"><input id=\"bk_type1\" name=\"bk_type1\" class=\"\" type=\"hidden\" value=\"1\" \/><\/div><div id=\"submiting1\"><\/div><div class=\"form_bk_messages\" id=\"form_bk_messages1\" ><\/div><input type=\"hidden\" id=\"wpbc_nonceCALCULATE_THE_COST1\" name=\"wpbc_nonceCALCULATE_THE_COST1\" value=\"526522380a\" \/><input type=\"hidden\" name=\"_wp_http_referer\" value=\"\/de\/wp-json\/wp\/v2\/pages\/2099\" \/><\/form><\/div><div id=\"booking_form_garbage1\" class=\"booking_form_garbage\"><\/div> <div  id=\"gateway_payment_forms \"><\/div><\/div>\n<\/div><\/div><\/div>\n<\/div><\/div>\n","protected":false},"excerpt":{"rendered":"<p>W\u00e4hlen Sie die gew\u00fcnschten und verf\u00fcgbaren Daten aus und f\u00fcllen Sie das Buchungsformular des jeweiligen G\u00e4stehauses aus. &#8218;t Zomerhuis<\/p>\n","protected":false},"author":1,"featured_media":2056,"parent":0,"menu_order":0,"comment_status":"closed","ping_status":"closed","template":"","meta":{"_vp_format_video_url":"","_vp_image_focal_point":[],"footnotes":""},"class_list":["post-2099","page","type-page","status-publish","has-post-thumbnail","hentry"],"blocksy_meta":[],"featured_image_urls_v2":{"full":["https:\/\/maashoevegastenverblijf.nl\/wp-content\/uploads\/2023\/07\/beschikbaarheid.jpg",1600,992,false],"thumbnail":["https:\/\/maashoevegastenverblijf.nl\/wp-content\/uploads\/2023\/07\/beschikbaarheid-150x150.jpg",150,150,true],"medium":["https:\/\/maashoevegastenverblijf.nl\/wp-content\/uploads\/2023\/07\/beschikbaarheid-300x186.jpg",300,186,true],"medium_large":["https:\/\/maashoevegastenverblijf.nl\/wp-content\/uploads\/2023\/07\/beschikbaarheid-768x476.jpg",768,476,true],"large":["https:\/\/maashoevegastenverblijf.nl\/wp-content\/uploads\/2023\/07\/beschikbaarheid-1024x635.jpg",1024,635,true],"1536x1536":["https:\/\/maashoevegastenverblijf.nl\/wp-content\/uploads\/2023\/07\/beschikbaarheid-1536x952.jpg",1536,952,true],"2048x2048":["https:\/\/maashoevegastenverblijf.nl\/wp-content\/uploads\/2023\/07\/beschikbaarheid.jpg",1600,992,false],"widget-thumbnail":["https:\/\/maashoevegastenverblijf.nl\/wp-content\/uploads\/2023\/07\/beschikbaarheid-75x75.jpg",75,75,true],"vp_sm":["https:\/\/maashoevegastenverblijf.nl\/wp-content\/uploads\/2023\/07\/beschikbaarheid.jpg",500,310,false],"vp_md":["https:\/\/maashoevegastenverblijf.nl\/wp-content\/uploads\/2023\/07\/beschikbaarheid.jpg",800,496,false],"vp_lg":["https:\/\/maashoevegastenverblijf.nl\/wp-content\/uploads\/2023\/07\/beschikbaarheid.jpg",1280,794,false],"vp_xl":["https:\/\/maashoevegastenverblijf.nl\/wp-content\/uploads\/2023\/07\/beschikbaarheid.jpg",1600,992,false],"vp_sm_popup":["https:\/\/maashoevegastenverblijf.nl\/wp-content\/uploads\/2023\/07\/beschikbaarheid.jpg",500,310,false],"vp_md_popup":["https:\/\/maashoevegastenverblijf.nl\/wp-content\/uploads\/2023\/07\/beschikbaarheid.jpg",800,496,false],"vp_xl_popup":["https:\/\/maashoevegastenverblijf.nl\/wp-content\/uploads\/2023\/07\/beschikbaarheid.jpg",1600,992,false],"gform-image-choice-sm":["https:\/\/maashoevegastenverblijf.nl\/wp-content\/uploads\/2023\/07\/beschikbaarheid.jpg",300,186,false],"gform-image-choice-md":["https:\/\/maashoevegastenverblijf.nl\/wp-content\/uploads\/2023\/07\/beschikbaarheid.jpg",400,248,false],"gform-image-choice-lg":["https:\/\/maashoevegastenverblijf.nl\/wp-content\/uploads\/2023\/07\/beschikbaarheid.jpg",600,372,false]},"post_excerpt_stackable_v2":"<p>W\u00e4hlen Sie die gew\u00fcnschten und verf\u00fcgbaren Daten aus und f\u00fcllen Sie das Buchungsformular des jeweiligen G\u00e4stehauses aus. &#8218;t Zomerhuis Wird geladen&#8230; &nbsp; &#8211; Verf\u00fcgbar &nbsp; &#8211; Gebucht &nbsp; &#8211; In Behandlung \u00b7 &nbsp; &#8211; Ankunft\/Abflug Voornaam (verplicht): Achternaam (verplicht): Emailadres (verplicht): Telefoon: Volwassenen:123456 Kinderen:0123 Details: Ik accepteer de algemene voorwaarden<\/p>\n","category_list_v2":"","author_info_v2":{"name":"Zin In Webdesign","url":"https:\/\/maashoevegastenverblijf.nl\/de\/author\/ziwpostmaster_zm0ecqup\/"},"comments_num_v2":"0 comments","yoast_head":"<!-- This site is optimized with the Yoast SEO plugin v27.4 - https:\/\/yoast.com\/product\/yoast-seo-wordpress\/ -->\n<title>Verf\u00fcgbarkeit und Buchung - Maashoeve Gastenverblijf<\/title>\n<meta name=\"description\" content=\"Sie k\u00f6nnen hier die Verf\u00fcgbarkeit unserer G\u00e4steh\u00e4user an der Maashoeve in Alphen aan den Rijn pr\u00fcfen und direkt buchen.\" \/>\n<meta name=\"robots\" content=\"index, follow, max-snippet:-1, max-image-preview:large, max-video-preview:-1\" \/>\n<link rel=\"canonical\" href=\"https:\/\/maashoevegastenverblijf.nl\/de\/verfuegbarkeit-und-buchung\/\" \/>\n<meta property=\"og:locale\" content=\"de_DE\" \/>\n<meta property=\"og:type\" content=\"article\" \/>\n<meta property=\"og:title\" content=\"Verf\u00fcgbarkeit und Buchung - Maashoeve Gastenverblijf\" \/>\n<meta property=\"og:description\" content=\"Sie k\u00f6nnen hier die Verf\u00fcgbarkeit unserer G\u00e4steh\u00e4user an der Maashoeve in Alphen aan den Rijn pr\u00fcfen und direkt buchen.\" \/>\n<meta property=\"og:url\" content=\"https:\/\/maashoevegastenverblijf.nl\/de\/verfuegbarkeit-und-buchung\/\" \/>\n<meta property=\"og:site_name\" content=\"Maashoeve Gastenverblijf\" \/>\n<meta property=\"article:modified_time\" content=\"2023-12-22T17:44:35+00:00\" \/>\n<meta property=\"og:image\" content=\"https:\/\/maashoevegastenverblijf.nl\/wp-content\/uploads\/2023\/07\/beschikbaarheid.jpg\" \/>\n\t<meta property=\"og:image:width\" content=\"1600\" \/>\n\t<meta property=\"og:image:height\" content=\"992\" \/>\n\t<meta property=\"og:image:type\" content=\"image\/jpeg\" \/>\n<meta name=\"twitter:card\" content=\"summary_large_image\" \/>\n<script type=\"application\/ld+json\" class=\"yoast-schema-graph\">{\"@context\":\"https:\\\/\\\/schema.org\",\"@graph\":[{\"@type\":\"WebPage\",\"@id\":\"https:\\\/\\\/maashoevegastenverblijf.nl\\\/de\\\/verfuegbarkeit-und-buchung\\\/\",\"url\":\"https:\\\/\\\/maashoevegastenverblijf.nl\\\/de\\\/verfuegbarkeit-und-buchung\\\/\",\"name\":\"Verf\u00fcgbarkeit und Buchung - Maashoeve Gastenverblijf\",\"isPartOf\":{\"@id\":\"https:\\\/\\\/maashoevegastenverblijf.nl\\\/de\\\/#website\"},\"primaryImageOfPage\":{\"@id\":\"https:\\\/\\\/maashoevegastenverblijf.nl\\\/de\\\/verfuegbarkeit-und-buchung\\\/#primaryimage\"},\"image\":{\"@id\":\"https:\\\/\\\/maashoevegastenverblijf.nl\\\/de\\\/verfuegbarkeit-und-buchung\\\/#primaryimage\"},\"thumbnailUrl\":\"https:\\\/\\\/maashoevegastenverblijf.nl\\\/wp-content\\\/uploads\\\/2023\\\/07\\\/beschikbaarheid.jpg\",\"datePublished\":\"2023-07-27T12:26:09+00:00\",\"dateModified\":\"2023-12-22T17:44:35+00:00\",\"description\":\"Sie k\u00f6nnen hier die Verf\u00fcgbarkeit unserer G\u00e4steh\u00e4user an der Maashoeve in Alphen aan den Rijn pr\u00fcfen und direkt buchen.\",\"breadcrumb\":{\"@id\":\"https:\\\/\\\/maashoevegastenverblijf.nl\\\/de\\\/verfuegbarkeit-und-buchung\\\/#breadcrumb\"},\"inLanguage\":\"de\",\"potentialAction\":[{\"@type\":\"ReadAction\",\"target\":[\"https:\\\/\\\/maashoevegastenverblijf.nl\\\/de\\\/verfuegbarkeit-und-buchung\\\/\"]}]},{\"@type\":\"ImageObject\",\"inLanguage\":\"de\",\"@id\":\"https:\\\/\\\/maashoevegastenverblijf.nl\\\/de\\\/verfuegbarkeit-und-buchung\\\/#primaryimage\",\"url\":\"https:\\\/\\\/maashoevegastenverblijf.nl\\\/wp-content\\\/uploads\\\/2023\\\/07\\\/beschikbaarheid.jpg\",\"contentUrl\":\"https:\\\/\\\/maashoevegastenverblijf.nl\\\/wp-content\\\/uploads\\\/2023\\\/07\\\/beschikbaarheid.jpg\",\"width\":1600,\"height\":992},{\"@type\":\"BreadcrumbList\",\"@id\":\"https:\\\/\\\/maashoevegastenverblijf.nl\\\/de\\\/verfuegbarkeit-und-buchung\\\/#breadcrumb\",\"itemListElement\":[{\"@type\":\"ListItem\",\"position\":1,\"name\":\"Home\",\"item\":\"https:\\\/\\\/maashoevegastenverblijf.nl\\\/de\\\/\"},{\"@type\":\"ListItem\",\"position\":2,\"name\":\"Verf\u00fcgbarkeit und Buchung\"}]},{\"@type\":\"WebSite\",\"@id\":\"https:\\\/\\\/maashoevegastenverblijf.nl\\\/de\\\/#website\",\"url\":\"https:\\\/\\\/maashoevegastenverblijf.nl\\\/de\\\/\",\"name\":\"Maashoeve Gastenverblijf\",\"description\":\"Genieten van gezelligheid, rust en comfort\",\"publisher\":{\"@id\":\"https:\\\/\\\/maashoevegastenverblijf.nl\\\/de\\\/#organization\"},\"potentialAction\":[{\"@type\":\"SearchAction\",\"target\":{\"@type\":\"EntryPoint\",\"urlTemplate\":\"https:\\\/\\\/maashoevegastenverblijf.nl\\\/de\\\/?s={search_term_string}\"},\"query-input\":{\"@type\":\"PropertyValueSpecification\",\"valueRequired\":true,\"valueName\":\"search_term_string\"}}],\"inLanguage\":\"de\"},{\"@type\":\"Organization\",\"@id\":\"https:\\\/\\\/maashoevegastenverblijf.nl\\\/de\\\/#organization\",\"name\":\"Maashoeve Gastenverblijf\",\"url\":\"https:\\\/\\\/maashoevegastenverblijf.nl\\\/de\\\/\",\"logo\":{\"@type\":\"ImageObject\",\"inLanguage\":\"de\",\"@id\":\"https:\\\/\\\/maashoevegastenverblijf.nl\\\/de\\\/#\\\/schema\\\/logo\\\/image\\\/\",\"url\":\"https:\\\/\\\/maashoevegastenverblijf.nl\\\/wp-content\\\/uploads\\\/2023\\\/05\\\/MAASHOEVE-Logo-cirkel-zonder-gv-8x.png\",\"contentUrl\":\"https:\\\/\\\/maashoevegastenverblijf.nl\\\/wp-content\\\/uploads\\\/2023\\\/05\\\/MAASHOEVE-Logo-cirkel-zonder-gv-8x.png\",\"width\":2268,\"height\":2268,\"caption\":\"Maashoeve Gastenverblijf\"},\"image\":{\"@id\":\"https:\\\/\\\/maashoevegastenverblijf.nl\\\/de\\\/#\\\/schema\\\/logo\\\/image\\\/\"},\"sameAs\":[\"https:\\\/\\\/www.instagram.com\\\/maashoeve_gastenverblijf\\\/\"]}]}<\/script>\n<!-- \/ Yoast SEO plugin. -->","yoast_head_json":{"title":"Verf\u00fcgbarkeit und Buchung - Maashoeve Gastenverblijf","description":"Sie k\u00f6nnen hier die Verf\u00fcgbarkeit unserer G\u00e4steh\u00e4user an der Maashoeve in Alphen aan den Rijn pr\u00fcfen und direkt buchen.","robots":{"index":"index","follow":"follow","max-snippet":"max-snippet:-1","max-image-preview":"max-image-preview:large","max-video-preview":"max-video-preview:-1"},"canonical":"https:\/\/maashoevegastenverblijf.nl\/de\/verfuegbarkeit-und-buchung\/","og_locale":"de_DE","og_type":"article","og_title":"Verf\u00fcgbarkeit und Buchung - Maashoeve Gastenverblijf","og_description":"Sie k\u00f6nnen hier die Verf\u00fcgbarkeit unserer G\u00e4steh\u00e4user an der Maashoeve in Alphen aan den Rijn pr\u00fcfen und direkt buchen.","og_url":"https:\/\/maashoevegastenverblijf.nl\/de\/verfuegbarkeit-und-buchung\/","og_site_name":"Maashoeve Gastenverblijf","article_modified_time":"2023-12-22T17:44:35+00:00","og_image":[{"width":1600,"height":992,"url":"https:\/\/maashoevegastenverblijf.nl\/wp-content\/uploads\/2023\/07\/beschikbaarheid.jpg","type":"image\/jpeg"}],"twitter_card":"summary_large_image","schema":{"@context":"https:\/\/schema.org","@graph":[{"@type":"WebPage","@id":"https:\/\/maashoevegastenverblijf.nl\/de\/verfuegbarkeit-und-buchung\/","url":"https:\/\/maashoevegastenverblijf.nl\/de\/verfuegbarkeit-und-buchung\/","name":"Verf\u00fcgbarkeit und Buchung - Maashoeve Gastenverblijf","isPartOf":{"@id":"https:\/\/maashoevegastenverblijf.nl\/de\/#website"},"primaryImageOfPage":{"@id":"https:\/\/maashoevegastenverblijf.nl\/de\/verfuegbarkeit-und-buchung\/#primaryimage"},"image":{"@id":"https:\/\/maashoevegastenverblijf.nl\/de\/verfuegbarkeit-und-buchung\/#primaryimage"},"thumbnailUrl":"https:\/\/maashoevegastenverblijf.nl\/wp-content\/uploads\/2023\/07\/beschikbaarheid.jpg","datePublished":"2023-07-27T12:26:09+00:00","dateModified":"2023-12-22T17:44:35+00:00","description":"Sie k\u00f6nnen hier die Verf\u00fcgbarkeit unserer G\u00e4steh\u00e4user an der Maashoeve in Alphen aan den Rijn pr\u00fcfen und direkt buchen.","breadcrumb":{"@id":"https:\/\/maashoevegastenverblijf.nl\/de\/verfuegbarkeit-und-buchung\/#breadcrumb"},"inLanguage":"de","potentialAction":[{"@type":"ReadAction","target":["https:\/\/maashoevegastenverblijf.nl\/de\/verfuegbarkeit-und-buchung\/"]}]},{"@type":"ImageObject","inLanguage":"de","@id":"https:\/\/maashoevegastenverblijf.nl\/de\/verfuegbarkeit-und-buchung\/#primaryimage","url":"https:\/\/maashoevegastenverblijf.nl\/wp-content\/uploads\/2023\/07\/beschikbaarheid.jpg","contentUrl":"https:\/\/maashoevegastenverblijf.nl\/wp-content\/uploads\/2023\/07\/beschikbaarheid.jpg","width":1600,"height":992},{"@type":"BreadcrumbList","@id":"https:\/\/maashoevegastenverblijf.nl\/de\/verfuegbarkeit-und-buchung\/#breadcrumb","itemListElement":[{"@type":"ListItem","position":1,"name":"Home","item":"https:\/\/maashoevegastenverblijf.nl\/de\/"},{"@type":"ListItem","position":2,"name":"Verf\u00fcgbarkeit und Buchung"}]},{"@type":"WebSite","@id":"https:\/\/maashoevegastenverblijf.nl\/de\/#website","url":"https:\/\/maashoevegastenverblijf.nl\/de\/","name":"Maashoeve Gastenverblijf","description":"Genieten van gezelligheid, rust en comfort","publisher":{"@id":"https:\/\/maashoevegastenverblijf.nl\/de\/#organization"},"potentialAction":[{"@type":"SearchAction","target":{"@type":"EntryPoint","urlTemplate":"https:\/\/maashoevegastenverblijf.nl\/de\/?s={search_term_string}"},"query-input":{"@type":"PropertyValueSpecification","valueRequired":true,"valueName":"search_term_string"}}],"inLanguage":"de"},{"@type":"Organization","@id":"https:\/\/maashoevegastenverblijf.nl\/de\/#organization","name":"Maashoeve Gastenverblijf","url":"https:\/\/maashoevegastenverblijf.nl\/de\/","logo":{"@type":"ImageObject","inLanguage":"de","@id":"https:\/\/maashoevegastenverblijf.nl\/de\/#\/schema\/logo\/image\/","url":"https:\/\/maashoevegastenverblijf.nl\/wp-content\/uploads\/2023\/05\/MAASHOEVE-Logo-cirkel-zonder-gv-8x.png","contentUrl":"https:\/\/maashoevegastenverblijf.nl\/wp-content\/uploads\/2023\/05\/MAASHOEVE-Logo-cirkel-zonder-gv-8x.png","width":2268,"height":2268,"caption":"Maashoeve Gastenverblijf"},"image":{"@id":"https:\/\/maashoevegastenverblijf.nl\/de\/#\/schema\/logo\/image\/"},"sameAs":["https:\/\/www.instagram.com\/maashoeve_gastenverblijf\/"]}]}},"_links":{"self":[{"href":"https:\/\/maashoevegastenverblijf.nl\/de\/wp-json\/wp\/v2\/pages\/2099","targetHints":{"allow":["GET"]}}],"collection":[{"href":"https:\/\/maashoevegastenverblijf.nl\/de\/wp-json\/wp\/v2\/pages"}],"about":[{"href":"https:\/\/maashoevegastenverblijf.nl\/de\/wp-json\/wp\/v2\/types\/page"}],"author":[{"embeddable":true,"href":"https:\/\/maashoevegastenverblijf.nl\/de\/wp-json\/wp\/v2\/users\/1"}],"replies":[{"embeddable":true,"href":"https:\/\/maashoevegastenverblijf.nl\/de\/wp-json\/wp\/v2\/comments?post=2099"}],"version-history":[{"count":5,"href":"https:\/\/maashoevegastenverblijf.nl\/de\/wp-json\/wp\/v2\/pages\/2099\/revisions"}],"predecessor-version":[{"id":2343,"href":"https:\/\/maashoevegastenverblijf.nl\/de\/wp-json\/wp\/v2\/pages\/2099\/revisions\/2343"}],"wp:featuredmedia":[{"embeddable":true,"href":"https:\/\/maashoevegastenverblijf.nl\/de\/wp-json\/wp\/v2\/media\/2056"}],"wp:attachment":[{"href":"https:\/\/maashoevegastenverblijf.nl\/de\/wp-json\/wp\/v2\/media?parent=2099"}],"curies":[{"name":"wp","href":"https:\/\/api.w.org\/{rel}","templated":true}]}}